{"id":165,"date":"2020-04-09T12:46:54","date_gmt":"2020-04-09T10:46:54","guid":{"rendered":"http:\/\/ehpad-rochefort-en-terre.com\/?page_id=165"},"modified":"2025-06-18T12:13:00","modified_gmt":"2025-06-18T10:13:00","slug":"site-du-grand-jardin","status":"publish","type":"page","link":"https:\/\/ehpad-rochefort-en-terre.com\/index.php\/site-du-grand-jardin\/","title":{"rendered":"Site du Grand Jardin"},"content":{"rendered":"\n<p>Une partie de l\u2019\u00e9tablissement est construite sur les terrains d\u2019un ancien domaine appel\u00e9&nbsp;: \u00ab&nbsp;le Grand Jardin&nbsp;\u00bb.<\/p>\n\n\n\n<p>Ouverte en 2023, la R\u00e9sidence Le Grand Jardin &nbsp;est situ\u00e9e au c\u0153ur de la cit\u00e9, pr\u00e8s de l\u2019\u00e9glise, et \u00e0 proximit\u00e9 des services publics (poste), m\u00e9dicaux et commerciaux.<\/p>\n\n\n<div class=\"wp-block-image\">\n<figure class=\"aligncenter size-medium\"><img loading=\"lazy\" decoding=\"async\" width=\"300\" height=\"200\" src=\"https:\/\/ehpad-rochefort-en-terre.com\/wp-content\/uploads\/2025\/06\/Entree-GJ-300x200.jpg\" alt=\"\" class=\"wp-image-1579\" srcset=\"https:\/\/ehpad-rochefort-en-terre.com\/wp-content\/uploads\/2025\/06\/Entree-GJ-300x200.jpg 300w, https:\/\/ehpad-rochefort-en-terre.com\/wp-content\/uploads\/2025\/06\/Entree-GJ-1024x682.jpg 1024w, https:\/\/ehpad-rochefort-en-terre.com\/wp-content\/uploads\/2025\/06\/Entree-GJ-768x511.jpg 768w, https:\/\/ehpad-rochefort-en-terre.com\/wp-content\/uploads\/2025\/06\/Entree-GJ-1536x1022.jpg 1536w, https:\/\/ehpad-rochefort-en-terre.com\/wp-content\/uploads\/2025\/06\/Entree-GJ-2048x1363.jpg 2048w\" sizes=\"auto, (max-width: 300px) 100vw, 300px\" \/><\/figure>\n<\/div>\n\n\n<p><strong>La Maison du Grand Jardin&nbsp;accueille 71 r\u00e9sidents :<\/strong><\/p>\n\n\n\n<p>Elle se compose de trois maisonn\u00e9es :<\/p>\n\n\n\n<ul class=\"wp-block-list\">\n<li>Au niveau 1 : Au chant des vagues : 23 r\u00e9sidents (dont 1 en accueil de nuit)<\/li>\n\n\n\n<li>Au niveau 2&nbsp;: A l&rsquo;or\u00e9e des bois : 24 r\u00e9sidents (dont 1 en h\u00e9bergement temporaire)<\/li>\n\n\n\n<li>Au niveau 3 : Au Jardin fleuri : 24 r\u00e9sidents  (dont 1 en h\u00e9bergement temporaire)<\/li>\n<\/ul>\n\n\n\n<p>Chaque maisonn\u00e9e dispose d\u2019une salle \u00e0 manger, d\u2019un salon ainsi que d\u2019une cuisine. Une \u00e9quipe de professionnels d\u00e9di\u00e9e est pr\u00e9sente dans chacune des maisonn\u00e9es. <\/p>\n\n\n\n<p>Un espace bien-\u00eatre est pr\u00e9sent au sein de la Maison d\u2019Accueil Le Grand Jardin.<\/p>\n\n\n\n<div class=\"wp-block-group\"><div class=\"wp-block-group__inner-container is-layout-flow wp-block-group-is-layout-flow\">\n<figure class=\"wp-block-gallery has-nested-images columns-default is-cropped wp-block-gallery-1 is-layout-flex wp-block-gallery-is-layout-flex\">\n<figure class=\"wp-block-image size-full\"><img loading=\"lazy\" decoding=\"async\" width=\"1920\" height=\"2560\" data-id=\"1240\" src=\"https:\/\/ehpad-rochefort-en-terre.com\/wp-content\/uploads\/2023\/06\/Chambre-2-scaled.jpg\" alt=\"\" class=\"wp-image-1240\" srcset=\"https:\/\/ehpad-rochefort-en-terre.com\/wp-content\/uploads\/2023\/06\/Chambre-2-scaled.jpg 1920w, https:\/\/ehpad-rochefort-en-terre.com\/wp-content\/uploads\/2023\/06\/Chambre-2-225x300.jpg 225w, https:\/\/ehpad-rochefort-en-terre.com\/wp-content\/uploads\/2023\/06\/Chambre-2-768x1024.jpg 768w, https:\/\/ehpad-rochefort-en-terre.com\/wp-content\/uploads\/2023\/06\/Chambre-2-1152x1536.jpg 1152w, https:\/\/ehpad-rochefort-en-terre.com\/wp-content\/uploads\/2023\/06\/Chambre-2-1536x2048.jpg 1536w\" sizes=\"auto, (max-width: 1920px) 100vw, 1920px\" \/><\/figure>\n\n\n\n<figure class=\"wp-block-image size-full is-style-default\"><img loading=\"lazy\" decoding=\"async\" width=\"1440\" height=\"1080\" data-id=\"1236\" src=\"https:\/\/ehpad-rochefort-en-terre.com\/wp-content\/uploads\/2023\/06\/Salle-a-manger-Au-chant-des-vagues.jpg\" alt=\"\" class=\"wp-image-1236\" srcset=\"https:\/\/ehpad-rochefort-en-terre.com\/wp-content\/uploads\/2023\/06\/Salle-a-manger-Au-chant-des-vagues.jpg 1440w, https:\/\/ehpad-rochefort-en-terre.com\/wp-content\/uploads\/2023\/06\/Salle-a-manger-Au-chant-des-vagues-300x225.jpg 300w, https:\/\/ehpad-rochefort-en-terre.com\/wp-content\/uploads\/2023\/06\/Salle-a-manger-Au-chant-des-vagues-1024x768.jpg 1024w, https:\/\/ehpad-rochefort-en-terre.com\/wp-content\/uploads\/2023\/06\/Salle-a-manger-Au-chant-des-vagues-768x576.jpg 768w\" sizes=\"auto, (max-width: 1440px) 100vw, 1440px\" \/><figcaption class=\"wp-element-caption\">Salle \u00e0 manger &#8211; Au chant des vagues<\/figcaption><\/figure>\n<\/figure>\n<\/div><\/div>\n","protected":false},"excerpt":{"rendered":"<p>Une partie de l\u2019\u00e9tablissement est construite sur les terrains d\u2019un ancien domaine appel\u00e9&nbsp;: \u00ab&nbsp;le Grand Jardin&nbsp;\u00bb. Ouverte en 2023, la R\u00e9sidence Le Grand Jardin &nbsp;est situ\u00e9e au c\u0153ur de la cit\u00e9, pr\u00e8s de l\u2019\u00e9glise, et \u00e0 proximit\u00e9 des services publics (poste), m\u00e9dicaux et commerciaux. La Maison du Grand Jardin&nbsp;accueille 71 r\u00e9sidents : Elle se compose [&hellip;]<\/p>\n","protected":false},"author":1,"featured_media":0,"parent":0,"menu_order":0,"comment_status":"closed","ping_status":"closed","template":"","meta":{"footnotes":""},"class_list":["post-165","page","type-page","status-publish","hentry"],"_links":{"self":[{"href":"https:\/\/ehpad-rochefort-en-terre.com\/index.php\/wp-json\/wp\/v2\/pages\/165","targetHints":{"allow":["GET"]}}],"collection":[{"href":"https:\/\/ehpad-rochefort-en-terre.com\/index.php\/wp-json\/wp\/v2\/pages"}],"about":[{"href":"https:\/\/ehpad-rochefort-en-terre.com\/index.php\/wp-json\/wp\/v2\/types\/page"}],"author":[{"embeddable":true,"href":"https:\/\/ehpad-rochefort-en-terre.com\/index.php\/wp-json\/wp\/v2\/users\/1"}],"replies":[{"embeddable":true,"href":"https:\/\/ehpad-rochefort-en-terre.com\/index.php\/wp-json\/wp\/v2\/comments?post=165"}],"version-history":[{"count":12,"href":"https:\/\/ehpad-rochefort-en-terre.com\/index.php\/wp-json\/wp\/v2\/pages\/165\/revisions"}],"predecessor-version":[{"id":1580,"href":"https:\/\/ehpad-rochefort-en-terre.com\/index.php\/wp-json\/wp\/v2\/pages\/165\/revisions\/1580"}],"wp:attachment":[{"href":"https:\/\/ehpad-rochefort-en-terre.com\/index.php\/wp-json\/wp\/v2\/media?parent=165"}],"curies":[{"name":"wp","href":"https:\/\/api.w.org\/{rel}","templated":true}]}}