{"id":169,"date":"2020-04-09T12:48:26","date_gmt":"2020-04-09T10:48:26","guid":{"rendered":"http:\/\/ehpad-rochefort-en-terre.com\/?page_id=169"},"modified":"2022-04-04T09:41:34","modified_gmt":"2022-04-04T07:41:34","slug":"site-de-la-mare","status":"publish","type":"page","link":"https:\/\/ehpad-rochefort-en-terre.com\/index.php\/site-de-la-mare\/","title":{"rendered":"Site de La Mare"},"content":{"rendered":"\n<p>Une partie de l\u2019\u00e9tablissement est construite sur les terrains du lieu dit La Mare.<\/p>\n\n\n\n<p>La maison d\u2019accueil de La Mare est implant\u00e9e en p\u00e9riph\u00e9rie du village, dans un cadre de verdure tranquille.<\/p>\n\n\n\n<figure class=\"wp-block-gallery has-nested-images columns-default is-cropped wp-block-gallery-1 is-layout-flex wp-block-gallery-is-layout-flex\">\n<figure class=\"wp-block-image is-style-default\"><img loading=\"lazy\" decoding=\"async\" width=\"300\" height=\"225\" data-id=\"9\" src=\"https:\/\/ehpad-rochefort-en-terre.com\/wp-content\/uploads\/2020\/02\/Entr\u00e9e-La-Mare-300x225.jpg\" alt=\"\" class=\"wp-image-9\" srcset=\"https:\/\/ehpad-rochefort-en-terre.com\/wp-content\/uploads\/2020\/02\/Entr\u00e9e-La-Mare-300x225.jpg 300w, https:\/\/ehpad-rochefort-en-terre.com\/wp-content\/uploads\/2020\/02\/Entr\u00e9e-La-Mare-768x576.jpg 768w, https:\/\/ehpad-rochefort-en-terre.com\/wp-content\/uploads\/2020\/02\/Entr\u00e9e-La-Mare-1024x768.jpg 1024w, https:\/\/ehpad-rochefort-en-terre.com\/wp-content\/uploads\/2020\/02\/Entr\u00e9e-La-Mare-1568x1176.jpg 1568w\" sizes=\"auto, (max-width: 300px) 100vw, 300px\" \/><\/figure>\n\n\n\n<figure class=\"wp-block-image is-style-default\"><img loading=\"lazy\" decoding=\"async\" width=\"300\" height=\"225\" data-id=\"121\" src=\"https:\/\/ehpad-rochefort-en-terre.com\/wp-content\/uploads\/2020\/04\/Ext\u00e9rieur-La-Mare-300x225.jpg\" alt=\"\" class=\"wp-image-121\" srcset=\"https:\/\/ehpad-rochefort-en-terre.com\/wp-content\/uploads\/2020\/04\/Ext\u00e9rieur-La-Mare-300x225.jpg 300w, https:\/\/ehpad-rochefort-en-terre.com\/wp-content\/uploads\/2020\/04\/Ext\u00e9rieur-La-Mare-1024x768.jpg 1024w, https:\/\/ehpad-rochefort-en-terre.com\/wp-content\/uploads\/2020\/04\/Ext\u00e9rieur-La-Mare-768x576.jpg 768w, https:\/\/ehpad-rochefort-en-terre.com\/wp-content\/uploads\/2020\/04\/Ext\u00e9rieur-La-Mare-1536x1152.jpg 1536w, https:\/\/ehpad-rochefort-en-terre.com\/wp-content\/uploads\/2020\/04\/Ext\u00e9rieur-La-Mare-2048x1536.jpg 2048w\" sizes=\"auto, (max-width: 300px) 100vw, 300px\" \/><\/figure>\n\n\n\n<figure class=\"wp-block-image is-style-default\"><img loading=\"lazy\" decoding=\"async\" width=\"1024\" height=\"765\" data-id=\"309\" src=\"https:\/\/ehpad-rochefort-en-terre.com\/wp-content\/uploads\/2020\/04\/001-1024x765.jpg\" alt=\"\" class=\"wp-image-309\" srcset=\"https:\/\/ehpad-rochefort-en-terre.com\/wp-content\/uploads\/2020\/04\/001-1024x765.jpg 1024w, https:\/\/ehpad-rochefort-en-terre.com\/wp-content\/uploads\/2020\/04\/001-300x224.jpg 300w, https:\/\/ehpad-rochefort-en-terre.com\/wp-content\/uploads\/2020\/04\/001-768x574.jpg 768w, https:\/\/ehpad-rochefort-en-terre.com\/wp-content\/uploads\/2020\/04\/001-1536x1147.jpg 1536w, https:\/\/ehpad-rochefort-en-terre.com\/wp-content\/uploads\/2020\/04\/001-2048x1530.jpg 2048w\" sizes=\"auto, (max-width: 1024px) 100vw, 1024px\" \/><\/figure>\n<\/figure>\n\n\n\n<p><strong>La Maison de La Mare accueille 84 r\u00e9sidents.<\/strong><\/p>\n\n\n\n<p>Elle est compos\u00e9e de 6 maisonn\u00e9es de 14 r\u00e9sidents.<\/p>\n\n\n\n<div class=\"wp-block-group\"><div class=\"wp-block-group__inner-container is-layout-flow wp-block-group-is-layout-flow\">\n<ul class=\"wp-block-list\"><li>Maisonn\u00e9e <strong><span class=\"has-inline-color has-vivid-cyan-blue-color\">L<\/span><\/strong>ys&nbsp;: 14 r\u00e9sidents<\/li><li>Maisonn\u00e9e <strong><span class=\"has-inline-color has-vivid-cyan-blue-color\">A<\/span><\/strong>rz&nbsp;: 14 r\u00e9sidents<\/li><li>Maisonn\u00e9e <strong><span class=\"has-inline-color has-vivid-cyan-blue-color\">M<\/span><\/strong>oulin&nbsp;: 14 r\u00e9sidents<\/li><li>Maisonn\u00e9e <strong><span class=\"has-inline-color has-vivid-cyan-blue-color\">A<\/span><\/strong>rvor&nbsp;: 14 r\u00e9sidents<\/li><li>Maisonn\u00e9e <strong><span class=\"has-inline-color has-vivid-cyan-blue-color\">R<\/span><\/strong>oz&nbsp;: 14 r\u00e9sidents<\/li><li>Maisonn\u00e9e <strong><span class=\"has-inline-color has-vivid-cyan-blue-color\">E<\/span><\/strong>ole&nbsp;: 14 r\u00e9sidents<\/li><\/ul>\n<\/div><\/div>\n\n\n\n<p>Les chambres de la maison d\u2019accueil de La Mare sont toutes individuelles.<\/p>\n\n\n\n<p>Les maisonn\u00e9es sont toutes autonomes, am\u00e9nag\u00e9es avec leur propre salon, s\u00e9jour, cuisine pour les activit\u00e9s d\u2019animation, avec un acc\u00e8s sur une terrasse et les espaces verts. <\/p>\n\n\n\n<div class=\"wp-block-group\"><div class=\"wp-block-group__inner-container is-layout-flow wp-block-group-is-layout-flow\">\n<div class=\"wp-block-group\"><div class=\"wp-block-group__inner-container is-layout-flow wp-block-group-is-layout-flow\">\n<figure class=\"wp-block-gallery has-nested-images columns-default is-cropped wp-block-gallery-2 is-layout-flex wp-block-gallery-is-layout-flex\">\n<figure class=\"wp-block-image size-large is-style-default\"><img loading=\"lazy\" decoding=\"async\" width=\"300\" height=\"225\" data-id=\"130\" src=\"https:\/\/ehpad-rochefort-en-terre.com\/wp-content\/uploads\/2020\/04\/Kitchinette_la-mare-1-300x225.jpg\" alt=\"\" class=\"wp-image-130\" srcset=\"https:\/\/ehpad-rochefort-en-terre.com\/wp-content\/uploads\/2020\/04\/Kitchinette_la-mare-1-300x225.jpg 300w, https:\/\/ehpad-rochefort-en-terre.com\/wp-content\/uploads\/2020\/04\/Kitchinette_la-mare-1-1024x768.jpg 1024w, https:\/\/ehpad-rochefort-en-terre.com\/wp-content\/uploads\/2020\/04\/Kitchinette_la-mare-1-768x576.jpg 768w, https:\/\/ehpad-rochefort-en-terre.com\/wp-content\/uploads\/2020\/04\/Kitchinette_la-mare-1-1536x1152.jpg 1536w, https:\/\/ehpad-rochefort-en-terre.com\/wp-content\/uploads\/2020\/04\/Kitchinette_la-mare-1-2048x1536.jpg 2048w\" sizes=\"auto, (max-width: 300px) 100vw, 300px\" \/><\/figure>\n\n\n\n<figure class=\"wp-block-image size-large is-style-default\"><img loading=\"lazy\" decoding=\"async\" width=\"300\" height=\"225\" data-id=\"128\" src=\"https:\/\/ehpad-rochefort-en-terre.com\/wp-content\/uploads\/2020\/04\/Salon-la-mare-300x225.jpg\" alt=\"\" class=\"wp-image-128\" srcset=\"https:\/\/ehpad-rochefort-en-terre.com\/wp-content\/uploads\/2020\/04\/Salon-la-mare-300x225.jpg 300w, https:\/\/ehpad-rochefort-en-terre.com\/wp-content\/uploads\/2020\/04\/Salon-la-mare-1024x768.jpg 1024w, https:\/\/ehpad-rochefort-en-terre.com\/wp-content\/uploads\/2020\/04\/Salon-la-mare-768x576.jpg 768w, https:\/\/ehpad-rochefort-en-terre.com\/wp-content\/uploads\/2020\/04\/Salon-la-mare-1536x1152.jpg 1536w, https:\/\/ehpad-rochefort-en-terre.com\/wp-content\/uploads\/2020\/04\/Salon-la-mare-2048x1536.jpg 2048w\" sizes=\"auto, (max-width: 300px) 100vw, 300px\" \/><\/figure>\n\n\n\n<figure class=\"wp-block-image size-large is-style-default\"><img loading=\"lazy\" decoding=\"async\" width=\"259\" height=\"194\" data-id=\"299\" src=\"https:\/\/ehpad-rochefort-en-terre.com\/wp-content\/uploads\/2020\/04\/Am\u00e9nagement-ext\u00e9rieur-LM-1.jpg\" alt=\"\" class=\"wp-image-299\"\/><\/figure>\n<\/figure>\n<\/div><\/div>\n<\/div><\/div>\n\n\n\n<p><\/p>\n","protected":false},"excerpt":{"rendered":"<p>Une partie de l\u2019\u00e9tablissement est construite sur les terrains du lieu dit La Mare. La maison d\u2019accueil de La Mare est implant\u00e9e en p\u00e9riph\u00e9rie du village, dans un cadre de verdure tranquille. La Maison de La Mare accueille 84 r\u00e9sidents. Elle est compos\u00e9e de 6 maisonn\u00e9es de 14 r\u00e9sidents. Maisonn\u00e9e Lys&nbsp;: 14 r\u00e9sidents Maisonn\u00e9e Arz&nbsp;: [&hellip;]<\/p>\n","protected":false},"author":1,"featured_media":0,"parent":0,"menu_order":0,"comment_status":"closed","ping_status":"closed","template":"","meta":{"footnotes":""},"class_list":["post-169","page","type-page","status-publish","hentry"],"_links":{"self":[{"href":"https:\/\/ehpad-rochefort-en-terre.com\/index.php\/wp-json\/wp\/v2\/pages\/169","targetHints":{"allow":["GET"]}}],"collection":[{"href":"https:\/\/ehpad-rochefort-en-terre.com\/index.php\/wp-json\/wp\/v2\/pages"}],"about":[{"href":"https:\/\/ehpad-rochefort-en-terre.com\/index.php\/wp-json\/wp\/v2\/types\/page"}],"author":[{"embeddable":true,"href":"https:\/\/ehpad-rochefort-en-terre.com\/index.php\/wp-json\/wp\/v2\/users\/1"}],"replies":[{"embeddable":true,"href":"https:\/\/ehpad-rochefort-en-terre.com\/index.php\/wp-json\/wp\/v2\/comments?post=169"}],"version-history":[{"count":11,"href":"https:\/\/ehpad-rochefort-en-terre.com\/index.php\/wp-json\/wp\/v2\/pages\/169\/revisions"}],"predecessor-version":[{"id":911,"href":"https:\/\/ehpad-rochefort-en-terre.com\/index.php\/wp-json\/wp\/v2\/pages\/169\/revisions\/911"}],"wp:attachment":[{"href":"https:\/\/ehpad-rochefort-en-terre.com\/index.php\/wp-json\/wp\/v2\/media?parent=169"}],"curies":[{"name":"wp","href":"https:\/\/api.w.org\/{rel}","templated":true}]}}