{"id":170,"date":"2020-04-09T12:48:26","date_gmt":"2020-04-09T10:48:26","guid":{"rendered":"http:\/\/ehpad-rochefort-en-terre.com\/?page_id=170"},"modified":"2020-04-17T12:07:57","modified_gmt":"2020-04-17T10:07:57","slug":"hebergement-permanent","status":"publish","type":"page","link":"https:\/\/ehpad-rochefort-en-terre.com\/index.php\/hebergement-permanent\/","title":{"rendered":"H\u00e9bergement permanent"},"content":{"rendered":"\n<h3 class=\"wp-block-heading\">L&rsquo;EHPAD, lieu de vie<\/h3>\n\n\n\n<p>L&rsquo;EHPAD a pour mission d\u2019accueillir les personnes  de pus de 60 ans en leur proposant un accompagnement personnalis\u00e9, afin de les aidez \u00e0 vivre selon leur volont\u00e9, en prenant en compte leurs ressources (physiques, psychologiques, familiales, sociales&#8230;.)<\/p>\n\n\n\n<p>Une organisation en petites unit\u00e9s permet de personnaliser la relation et d&rsquo;adapter l&rsquo;aide \u00e0 chacun<\/p>\n\n\n\n<p>L\u2019\u00e9tablissement en un lieu ouvert. <\/p>\n\n\n\n<p>Les visites sont libres<\/p>\n\n\n\n<div style=\"height:40px\" aria-hidden=\"true\" class=\"wp-block-spacer\"><\/div>\n\n\n\n<h3 class=\"wp-block-heading\">L&rsquo;EHPAD, lieu de droit et de respect<\/h3>\n\n\n\n<p>Le consentement \u00e9clair\u00e9 de personne sera syst\u00e9matiquement recherch\u00e9 lorsque celle-ci est apte \u00e0 exprimer sa volont\u00e9 et \u00e0 participer aux d\u00e9cisions. A d\u00e9faut, le consentement de son repr\u00e9sentant l\u00e9gal sera recherch\u00e9.<\/p>\n","protected":false},"excerpt":{"rendered":"<p>L&rsquo;EHPAD, lieu de vie L&rsquo;EHPAD a pour mission d\u2019accueillir les personnes de pus de 60 ans en leur proposant un accompagnement personnalis\u00e9, afin de les aidez \u00e0 vivre selon leur volont\u00e9, en prenant en compte leurs ressources (physiques, psychologiques, familiales, sociales&#8230;.) Une organisation en petites unit\u00e9s permet de personnaliser la relation et d&rsquo;adapter l&rsquo;aide \u00e0 [&hellip;]<\/p>\n","protected":false},"author":1,"featured_media":0,"parent":0,"menu_order":0,"comment_status":"closed","ping_status":"closed","template":"","meta":{"footnotes":""},"class_list":["post-170","page","type-page","status-publish","hentry"],"_links":{"self":[{"href":"https:\/\/ehpad-rochefort-en-terre.com\/index.php\/wp-json\/wp\/v2\/pages\/170","targetHints":{"allow":["GET"]}}],"collection":[{"href":"https:\/\/ehpad-rochefort-en-terre.com\/index.php\/wp-json\/wp\/v2\/pages"}],"about":[{"href":"https:\/\/ehpad-rochefort-en-terre.com\/index.php\/wp-json\/wp\/v2\/types\/page"}],"author":[{"embeddable":true,"href":"https:\/\/ehpad-rochefort-en-terre.com\/index.php\/wp-json\/wp\/v2\/users\/1"}],"replies":[{"embeddable":true,"href":"https:\/\/ehpad-rochefort-en-terre.com\/index.php\/wp-json\/wp\/v2\/comments?post=170"}],"version-history":[{"count":4,"href":"https:\/\/ehpad-rochefort-en-terre.com\/index.php\/wp-json\/wp\/v2\/pages\/170\/revisions"}],"predecessor-version":[{"id":388,"href":"https:\/\/ehpad-rochefort-en-terre.com\/index.php\/wp-json\/wp\/v2\/pages\/170\/revisions\/388"}],"wp:attachment":[{"href":"https:\/\/ehpad-rochefort-en-terre.com\/index.php\/wp-json\/wp\/v2\/media?parent=170"}],"curies":[{"name":"wp","href":"https:\/\/api.w.org\/{rel}","templated":true}]}}