{"id":180,"date":"2020-04-09T15:08:40","date_gmt":"2020-04-09T13:08:40","guid":{"rendered":"http:\/\/ehpad-rochefort-en-terre.com\/?page_id=180"},"modified":"2020-04-09T16:08:43","modified_gmt":"2020-04-09T14:08:43","slug":"accueil-de-nuit","status":"publish","type":"page","link":"https:\/\/ehpad-rochefort-en-terre.com\/index.php\/accueil-de-nuit\/","title":{"rendered":"Accueil de nuit"},"content":{"rendered":"\n<p>L\u2019EHPAD propose, depuis 2006, une chambre pour l\u2019accueil de nuit.<\/p>\n\n\n\n<p>L\u2019h\u00e9bergement de nuit permet \u00e0 des personnes vivant \u00e0 domicile et \u00e9tant en difficult\u00e9 la nuit, de b\u00e9n\u00e9ficier des services de l\u2019\u00e9tablissement&nbsp;(pr\u00e9sence du personnel de nuit, repas du soir et petit d\u00e9jeuner, prise des m\u00e9dicaments du soir et du matin\u2026), tout en conservant leur domicile et leur environnement habituel.<\/p>\n\n\n\n<p>Les personnes b\u00e9n\u00e9ficiaires de l\u2019Allocation Personnalis\u00e9e d\u2019Autonomie \u00e0 Domicile peuvent obtenir une modification de leur plan d\u2019aide, afin d\u2019y inclure une prise en charge de l\u2019accueil de nuit.<\/p>\n","protected":false},"excerpt":{"rendered":"<p>L\u2019EHPAD propose, depuis 2006, une chambre pour l\u2019accueil de nuit. L\u2019h\u00e9bergement de nuit permet \u00e0 des personnes vivant \u00e0 domicile et \u00e9tant en difficult\u00e9 la nuit, de b\u00e9n\u00e9ficier des services de l\u2019\u00e9tablissement&nbsp;(pr\u00e9sence du personnel de nuit, repas du soir et petit d\u00e9jeuner, prise des m\u00e9dicaments du soir et du matin\u2026), tout en conservant leur domicile [&hellip;]<\/p>\n","protected":false},"author":1,"featured_media":0,"parent":0,"menu_order":0,"comment_status":"closed","ping_status":"closed","template":"","meta":{"footnotes":""},"class_list":["post-180","page","type-page","status-publish","hentry"],"_links":{"self":[{"href":"https:\/\/ehpad-rochefort-en-terre.com\/index.php\/wp-json\/wp\/v2\/pages\/180","targetHints":{"allow":["GET"]}}],"collection":[{"href":"https:\/\/ehpad-rochefort-en-terre.com\/index.php\/wp-json\/wp\/v2\/pages"}],"about":[{"href":"https:\/\/ehpad-rochefort-en-terre.com\/index.php\/wp-json\/wp\/v2\/types\/page"}],"author":[{"embeddable":true,"href":"https:\/\/ehpad-rochefort-en-terre.com\/index.php\/wp-json\/wp\/v2\/users\/1"}],"replies":[{"embeddable":true,"href":"https:\/\/ehpad-rochefort-en-terre.com\/index.php\/wp-json\/wp\/v2\/comments?post=180"}],"version-history":[{"count":2,"href":"https:\/\/ehpad-rochefort-en-terre.com\/index.php\/wp-json\/wp\/v2\/pages\/180\/revisions"}],"predecessor-version":[{"id":213,"href":"https:\/\/ehpad-rochefort-en-terre.com\/index.php\/wp-json\/wp\/v2\/pages\/180\/revisions\/213"}],"wp:attachment":[{"href":"https:\/\/ehpad-rochefort-en-terre.com\/index.php\/wp-json\/wp\/v2\/media?parent=180"}],"curies":[{"name":"wp","href":"https:\/\/api.w.org\/{rel}","templated":true}]}}