{"id":185,"date":"2020-04-09T15:08:40","date_gmt":"2020-04-09T13:08:40","guid":{"rendered":"http:\/\/ehpad-rochefort-en-terre.com\/?page_id=185"},"modified":"2026-01-30T15:46:26","modified_gmt":"2026-01-30T14:46:26","slug":"les-tarifs","status":"publish","type":"page","link":"https:\/\/ehpad-rochefort-en-terre.com\/index.php\/les-tarifs\/","title":{"rendered":"Les tarifs"},"content":{"rendered":"\n<p>Les tarifs d\u2019h\u00e9bergement et de d\u00e9pendance sont fix\u00e9s par arr\u00eat\u00e9 de Monsieur le Pr\u00e9sident du Conseil D\u00e9partemental du Morbihan.<\/p>\n\n\n\n<p>Ils sont r\u00e9vis\u00e9s, chaque ann\u00e9e.<\/p>\n\n\n\n<p>Le tarif journalier, \u00e0 la charge du r\u00e9sident (tarif h\u00e9bergement + participation forfaitaire ) applicable, \u00e0 compter du 1er janvier 2026, est le suivant :<\/p>\n\n\n\n<div style=\"height:26px\" aria-hidden=\"true\" class=\"wp-block-spacer\"><\/div>\n\n\n\n<p><strong><span class=\"has-inline-color has-vivid-cyan-blue-color\">H\u00e9bergement permanent&nbsp;:<\/span><\/strong><\/p>\n\n\n\n<p>Tarif journalier : 82.36 \u20ac (76.20 \u20ac tarif h\u00e9bergement + 6.16 \u20ac participation forfaitaire)<\/p>\n\n\n\n<div style=\"height:26px\" aria-hidden=\"true\" class=\"wp-block-spacer\"><\/div>\n\n\n\n<p><mark style=\"background-color:rgba(0, 0, 0, 0)\" class=\"has-inline-color has-vivid-cyan-blue-color\"><strong>H\u00e9bergement temporaire&nbsp;:<\/strong><\/mark><\/p>\n\n\n\n<p>\u00a0\u00a0\u00a0 Tarif journalier\u00a0: 90.81 \u20ac\u00a0 (84.65 \u20ac tarif h\u00e9bergement + 6.16 \u20ac participation forfaitaire)<\/p>\n\n\n\n<div style=\"height:26px\" aria-hidden=\"true\" class=\"wp-block-spacer\"><\/div>\n\n\n\n<p><mark style=\"background-color:rgba(0, 0, 0, 0)\" class=\"has-inline-color has-vivid-cyan-blue-color\"><strong>Accueil de jour et accueil de nuit&nbsp;<\/strong><\/mark>:<\/p>\n\n\n\n<p>\u00a0\u00a0\u00a0 Tarif journalier\u00a0: 52.45 \u20ac\u00a0 (46.29 \u20ac tarif accueil + 6.16 \u20ac participation forfaitaire)<\/p>\n\n\n\n<div style=\"height:26px\" aria-hidden=\"true\" class=\"wp-block-spacer\"><\/div>\n\n\n\n<p>Le paiement des frais de s\u00e9jour doit \u00eatre effectu\u00e9 mensuellement, \u00e0 terme \u00e0 \u00e9choir pour l&rsquo;h\u00e9bergement permanent, et \u00e0 terme \u00e9chu pour l&rsquo;h\u00e9bergement temporaire.<\/p>\n\n\n\n<p>Un paiement par pr\u00e9l\u00e8vement automatique est \u00e9galement propos\u00e9 et conseill\u00e9.<\/p>\n","protected":false},"excerpt":{"rendered":"<p>Les tarifs d\u2019h\u00e9bergement et de d\u00e9pendance sont fix\u00e9s par arr\u00eat\u00e9 de Monsieur le Pr\u00e9sident du Conseil D\u00e9partemental du Morbihan. Ils sont r\u00e9vis\u00e9s, chaque ann\u00e9e. Le tarif journalier, \u00e0 la charge du r\u00e9sident (tarif h\u00e9bergement + participation forfaitaire ) applicable, \u00e0 compter du 1er janvier 2026, est le suivant : H\u00e9bergement permanent&nbsp;: Tarif journalier : 82.36 [&hellip;]<\/p>\n","protected":false},"author":1,"featured_media":0,"parent":0,"menu_order":0,"comment_status":"closed","ping_status":"closed","template":"","meta":{"footnotes":""},"class_list":["post-185","page","type-page","status-publish","hentry"],"_links":{"self":[{"href":"https:\/\/ehpad-rochefort-en-terre.com\/index.php\/wp-json\/wp\/v2\/pages\/185","targetHints":{"allow":["GET"]}}],"collection":[{"href":"https:\/\/ehpad-rochefort-en-terre.com\/index.php\/wp-json\/wp\/v2\/pages"}],"about":[{"href":"https:\/\/ehpad-rochefort-en-terre.com\/index.php\/wp-json\/wp\/v2\/types\/page"}],"author":[{"embeddable":true,"href":"https:\/\/ehpad-rochefort-en-terre.com\/index.php\/wp-json\/wp\/v2\/users\/1"}],"replies":[{"embeddable":true,"href":"https:\/\/ehpad-rochefort-en-terre.com\/index.php\/wp-json\/wp\/v2\/comments?post=185"}],"version-history":[{"count":15,"href":"https:\/\/ehpad-rochefort-en-terre.com\/index.php\/wp-json\/wp\/v2\/pages\/185\/revisions"}],"predecessor-version":[{"id":1684,"href":"https:\/\/ehpad-rochefort-en-terre.com\/index.php\/wp-json\/wp\/v2\/pages\/185\/revisions\/1684"}],"wp:attachment":[{"href":"https:\/\/ehpad-rochefort-en-terre.com\/index.php\/wp-json\/wp\/v2\/media?parent=185"}],"curies":[{"name":"wp","href":"https:\/\/api.w.org\/{rel}","templated":true}]}}