{"id":251,"date":"2020-04-09T17:01:33","date_gmt":"2020-04-09T15:01:33","guid":{"rendered":"http:\/\/ehpad-rochefort-en-terre.com\/?page_id=251"},"modified":"2020-04-10T09:17:05","modified_gmt":"2020-04-10T07:17:05","slug":"la-philosophie-daccompagnement","status":"publish","type":"page","link":"https:\/\/ehpad-rochefort-en-terre.com\/index.php\/la-philosophie-daccompagnement\/","title":{"rendered":"La philosophie d&rsquo;accompagnement"},"content":{"rendered":"\n<p>L\u2019EHPAD de Rochefort en Terre accueille et accompagne des personnes \u00e2g\u00e9es d\u00e9pendantes dont le maintien \u00e0 domicile est devenu difficile. De plus, l\u2019\u00e9tablissement est \u00e0 l\u2019\u00e9coute de leurs familles.<\/p>\n\n\n\n<p>Les professionnels de l\u2019\u00e9tablissement sont sensibles \u00e0 l\u2019accompagnement personnalis\u00e9 des r\u00e9sidents \u00e0 partir de leurs attentes et de leurs habitudes de vie, et au respect de leurs droits. La maison de retraite se r\u00e9f\u00e8re notamment \u00e0 la Charte des droits et libert\u00e9s de la personne accueillie et \u00e0 la Charte des personnes \u00e2g\u00e9es d\u00e9pendantes.<\/p>\n\n\n\n<p>Les valeurs essentielles de la maison de retraite de Rochefort en Terre&nbsp;:<\/p>\n\n\n\n<ul class=\"wp-block-list\"><li><strong>Le respect de la personne dans son intimit\u00e9 et son autonomie,<\/strong><\/li><li><strong>Le respect de la dignit\u00e9 de la personne,<\/strong><\/li><li><strong>Le respect de la libert\u00e9 et de la responsabilit\u00e9 de la personne,<\/strong><\/li><li><strong>Le droit de circuler o\u00f9 l\u2019on veut,<\/strong><\/li><li><strong>La valorisation de la personne \u00e2g\u00e9e,<\/strong><\/li><li><strong>Le droit d\u2019avoir une vie sociale,<\/strong><\/li><li><strong>La participation des r\u00e9sidents&nbsp;: l\u2019usager est acteur de sa vie et de ses projets,<\/strong><\/li><li><strong>Le droit pour les personnes ayant des d\u00e9ficiences intellectuelles de vivre comme les autres r\u00e9sidents,<\/strong><\/li><li><strong>L\u2019adaptabilit\u00e9 du personnel \u00e0 l\u2019\u00e9volution du handicap,<\/strong><\/li><li><strong>L\u2019acceptation de la diff\u00e9rence par la tol\u00e9rance&nbsp;: il s\u2019agit de respecter l\u2019homme dans ce qu\u2019il a de commun et d\u2019unique.<\/strong><\/li><\/ul>\n\n\n\n<p>Afin de prendre en compte et de valoriser cette vision du \u00ab&nbsp;prendre soin&nbsp;\u00bb du r\u00e9sident, les professionnels souhaitent orienter le projet d\u2019\u00e9tablissement sur une approche d\u2019un accompagnement global de la personne, plus large qu\u2019une approche trop \u00ab&nbsp;soins&nbsp;\u00bb ou trop \u00ab&nbsp;s\u00e9curitaire&nbsp;\u00bb.<\/p>\n\n\n\n<p>Dans le cadre de son projet d\u2019accompagnement personnalis\u00e9, le projet de soins de la personne n\u2019est qu\u2019un des \u00e9l\u00e9ments de son projet.<\/p>\n\n\n\n<p><strong><u>La mission premi\u00e8re de l\u2019\u00e9tablissement est une aide \u00e0 vivre<\/u><\/strong><\/p>\n\n\n\n<p>C\u2019est dans cette direction que le nouvel habitant du Grand Jardin et de La Mare sera accompagn\u00e9 dans la pr\u00e9paration de son emm\u00e9nagement.<\/p>\n\n\n\n<p>C\u2019est sur cette base professionnelle que chaque employ\u00e9 des maisons d\u2019accueil sera recrut\u00e9 et soutenu.<\/p>\n\n\n\n<p>C\u2019est sur ce Projet que familles et partenaires seront&nbsp; associ\u00e9s.<\/p>\n","protected":false},"excerpt":{"rendered":"<p>L\u2019EHPAD de Rochefort en Terre accueille et accompagne des personnes \u00e2g\u00e9es d\u00e9pendantes dont le maintien \u00e0 domicile est devenu difficile. De plus, l\u2019\u00e9tablissement est \u00e0 l\u2019\u00e9coute de leurs familles. Les professionnels de l\u2019\u00e9tablissement sont sensibles \u00e0 l\u2019accompagnement personnalis\u00e9 des r\u00e9sidents \u00e0 partir de leurs attentes et de leurs habitudes de vie, et au respect de [&hellip;]<\/p>\n","protected":false},"author":1,"featured_media":0,"parent":0,"menu_order":0,"comment_status":"closed","ping_status":"closed","template":"","meta":{"footnotes":""},"class_list":["post-251","page","type-page","status-publish","hentry"],"_links":{"self":[{"href":"https:\/\/ehpad-rochefort-en-terre.com\/index.php\/wp-json\/wp\/v2\/pages\/251","targetHints":{"allow":["GET"]}}],"collection":[{"href":"https:\/\/ehpad-rochefort-en-terre.com\/index.php\/wp-json\/wp\/v2\/pages"}],"about":[{"href":"https:\/\/ehpad-rochefort-en-terre.com\/index.php\/wp-json\/wp\/v2\/types\/page"}],"author":[{"embeddable":true,"href":"https:\/\/ehpad-rochefort-en-terre.com\/index.php\/wp-json\/wp\/v2\/users\/1"}],"replies":[{"embeddable":true,"href":"https:\/\/ehpad-rochefort-en-terre.com\/index.php\/wp-json\/wp\/v2\/comments?post=251"}],"version-history":[{"count":3,"href":"https:\/\/ehpad-rochefort-en-terre.com\/index.php\/wp-json\/wp\/v2\/pages\/251\/revisions"}],"predecessor-version":[{"id":271,"href":"https:\/\/ehpad-rochefort-en-terre.com\/index.php\/wp-json\/wp\/v2\/pages\/251\/revisions\/271"}],"wp:attachment":[{"href":"https:\/\/ehpad-rochefort-en-terre.com\/index.php\/wp-json\/wp\/v2\/media?parent=251"}],"curies":[{"name":"wp","href":"https:\/\/api.w.org\/{rel}","templated":true}]}}