{"id":302,"date":"2020-04-10T11:01:09","date_gmt":"2020-04-10T09:01:09","guid":{"rendered":"http:\/\/ehpad-rochefort-en-terre.com\/?page_id=302"},"modified":"2025-05-19T09:27:12","modified_gmt":"2025-05-19T07:27:12","slug":"les-aides-financieres","status":"publish","type":"page","link":"https:\/\/ehpad-rochefort-en-terre.com\/index.php\/les-aides-financieres\/","title":{"rendered":"Les aides financi\u00e8res"},"content":{"rendered":"\n<h4 class=\"wp-block-heading\">L&rsquo;aide au logement<\/h4>\n\n\n\n<p>Selon les conditions de ressources, l&rsquo;aide au logement peut \u00eatre demand\u00e9e par le r\u00e9sident, aupr\u00e8s de la CAF ou de la MSA.<\/p>\n\n\n\n<div style=\"height:20px\" aria-hidden=\"true\" class=\"wp-block-spacer\"><\/div>\n\n\n\n<h4 class=\"wp-block-heading\">L&rsquo;aide sociale<\/h4>\n\n\n\n<p>L\u2019aide sociale peut&nbsp; \u00eatre accord\u00e9e sous r\u00e9serve des conditions de ressources<\/p>\n","protected":false},"excerpt":{"rendered":"<p>L&rsquo;aide au logement Selon les conditions de ressources, l&rsquo;aide au logement peut \u00eatre demand\u00e9e par le r\u00e9sident, aupr\u00e8s de la CAF ou de la MSA. L&rsquo;aide sociale L\u2019aide sociale peut&nbsp; \u00eatre accord\u00e9e sous r\u00e9serve des conditions de ressources<\/p>\n","protected":false},"author":1,"featured_media":0,"parent":0,"menu_order":0,"comment_status":"closed","ping_status":"closed","template":"","meta":{"footnotes":""},"class_list":["post-302","page","type-page","status-publish","hentry"],"_links":{"self":[{"href":"https:\/\/ehpad-rochefort-en-terre.com\/index.php\/wp-json\/wp\/v2\/pages\/302","targetHints":{"allow":["GET"]}}],"collection":[{"href":"https:\/\/ehpad-rochefort-en-terre.com\/index.php\/wp-json\/wp\/v2\/pages"}],"about":[{"href":"https:\/\/ehpad-rochefort-en-terre.com\/index.php\/wp-json\/wp\/v2\/types\/page"}],"author":[{"embeddable":true,"href":"https:\/\/ehpad-rochefort-en-terre.com\/index.php\/wp-json\/wp\/v2\/users\/1"}],"replies":[{"embeddable":true,"href":"https:\/\/ehpad-rochefort-en-terre.com\/index.php\/wp-json\/wp\/v2\/comments?post=302"}],"version-history":[{"count":4,"href":"https:\/\/ehpad-rochefort-en-terre.com\/index.php\/wp-json\/wp\/v2\/pages\/302\/revisions"}],"predecessor-version":[{"id":1559,"href":"https:\/\/ehpad-rochefort-en-terre.com\/index.php\/wp-json\/wp\/v2\/pages\/302\/revisions\/1559"}],"wp:attachment":[{"href":"https:\/\/ehpad-rochefort-en-terre.com\/index.php\/wp-json\/wp\/v2\/media?parent=302"}],"curies":[{"name":"wp","href":"https:\/\/api.w.org\/{rel}","templated":true}]}}